{"id":96,"date":"2017-02-15T00:36:12","date_gmt":"2017-02-14T22:36:12","guid":{"rendered":"http:\/\/www.motoroelmaler.de\/?page_id=96"},"modified":"2017-03-02T01:10:05","modified_gmt":"2017-03-01T23:10:05","slug":"ueber-mich","status":"publish","type":"page","link":"https:\/\/www.motoroelmaler.de\/?page_id=96","title":{"rendered":"\u00dcber mich"},"content":{"rendered":"<p>Schon fr\u00fch packte mich die Begeisterung f\u00fcr alles, was f\u00e4hrt \u2013 ob auf zwei, drei oder vier R\u00e4dern. Wenn ein Vehikel dazu laut knatterte, war die Faszination noch gr\u00f6\u00dfer. Vater Clemens (1924\u20131988) fuhr damals Moped: eine NSU Quickly, und seine Schwester, meine Tante Dorothee (Jahrgang 1929), bewegte eine Lambretta. Damals der pure Luxus.<\/p>\n<p>Wir wohnten in Rufweite zur Trabrennbahn Hamburg-Farmsen, wo nicht nur Pferde mit Sulkys, sondern auch MOTORR\u00c4DER mit reichlich mehr Pferdest\u00e4rken auf der Sandbahn unterwegs waren. Der donnernde Klang der Einzylindermotoren gemischt mit den Fetzen der Lautsprecherstimme des Streckensprechers erzeugten in mir stets ein unerkl\u00e4rliches Gef\u00fchl von Spannung und Aufregung.<\/p>\n<p>Als finanziell schlecht ausgestatteter Halbw\u00fcchsiger musste ich selbstverst\u00e4ndlich den Versuch unternehmen, das Geld f\u00fcr die Eintrittskarte zum Rennen zu sparen. Zusammen mit meinem besten Freund Zick kroch ich durch Stacheldraht und Brombeergestr\u00fcpp und erreichte die ersehnte Haupttrib\u00fcne. Dort standen sie dann, die zuschauenden, erwachsenen Motorradfahrer in ihren schwarzen &#8222;Lederw\u00fcrsten&#8220;, die wei\u00dfen Halbschalenhelme achtlos am Boden zwischen den leeren ASTRA-Bierflaschen abgelegt. W\u00e4hrend die M\u00e4nner durch das Renngeschehen abgelenkt waren, griffen Zick und ich &#8222;wie zuf\u00e4llig&#8220; von hinten nach der einen oder anderen leeren (oder auch noch nicht ganz leeren) Flasche, um uns durch die Einl\u00f6sung des Flaschenpfandes zu bereichern.<\/p>\n<p>An der Strecke erlebte ich Motorsport-Legenden wie Manfred Poschenrieder, Alfred Dannmeier, Don Godden, Ivan Mauger, und nat\u00fcrlich Egon M\u00fcller, den Mann mit der blonden M\u00e4hne. Ihm verdanke ich das Argument meinem Vater gegen\u00fcber, dass man es trotz langer Haare zu etwas bringen kann.<\/p>\n<p>&nbsp;<\/p>\n<p>&nbsp;<\/p>\n<blockquote>\n<div id=\"attachment_61\" style=\"width: 260px\" class=\"wp-caption alignleft\"><a href=\"https:\/\/www.motoroelmaler.de\/wp-content\/uploads\/2015\/04\/Motobrille.jpg\" target=\"_blank\" rel=\"attachment wp-att-61\"><img aria-describedby=\"caption-attachment-61\" decoding=\"async\" loading=\"lazy\" class=\"wp-image-61 size-medium\" src=\"https:\/\/www.motoroelmaler.de\/wp-content\/uploads\/2015\/04\/Motobrille-250x300.jpg\" alt=\"Motobrille\" width=\"250\" height=\"300\" srcset=\"https:\/\/www.motoroelmaler.de\/wp-content\/uploads\/2015\/04\/Motobrille-250x300.jpg 250w, https:\/\/www.motoroelmaler.de\/wp-content\/uploads\/2015\/04\/Motobrille.jpg 800w\" sizes=\"(max-width: 250px) 100vw, 250px\" \/><\/a><p id=\"caption-attachment-61\" class=\"wp-caption-text\">Fr\u00fch \u00fcbt sich\u2026<\/p><\/div><\/blockquote>\n<div id=\"attachment_62\" style=\"width: 310px\" class=\"wp-caption alignleft\"><a href=\"https:\/\/www.motoroelmaler.de\/wp-content\/uploads\/2015\/04\/NSU_Quickly.jpg\" target=\"_blank\" rel=\"attachment wp-att-62\"><img aria-describedby=\"caption-attachment-62\" decoding=\"async\" loading=\"lazy\" class=\"wp-image-62 size-medium\" src=\"https:\/\/www.motoroelmaler.de\/wp-content\/uploads\/2015\/04\/NSU_Quickly-300x192.jpg\" alt=\"NSU_Quickly\" width=\"300\" height=\"192\" srcset=\"https:\/\/www.motoroelmaler.de\/wp-content\/uploads\/2015\/04\/NSU_Quickly-300x192.jpg 300w, https:\/\/www.motoroelmaler.de\/wp-content\/uploads\/2015\/04\/NSU_Quickly-1024x657.jpg 1024w, https:\/\/www.motoroelmaler.de\/wp-content\/uploads\/2015\/04\/NSU_Quickly.jpg 1651w\" sizes=\"(max-width: 300px) 100vw, 300px\" \/><\/a><p id=\"caption-attachment-62\" class=\"wp-caption-text\">Vater und Sohn bei der Fahrzeugpflege um1959<\/p><\/div>\n<div id=\"attachment_64\" style=\"width: 246px\" class=\"wp-caption alignleft\"><a href=\"https:\/\/www.motoroelmaler.de\/wp-content\/uploads\/2015\/04\/Lambretta.jpg\" rel=\"attachment wp-att-64\"><img aria-describedby=\"caption-attachment-64\" decoding=\"async\" loading=\"lazy\" class=\"wp-image-64 size-medium\" src=\"https:\/\/www.motoroelmaler.de\/wp-content\/uploads\/2015\/04\/Lambretta-236x300.jpg\" alt=\"Lambretta\" width=\"236\" height=\"300\" srcset=\"https:\/\/www.motoroelmaler.de\/wp-content\/uploads\/2015\/04\/Lambretta-236x300.jpg 236w, https:\/\/www.motoroelmaler.de\/wp-content\/uploads\/2015\/04\/Lambretta.jpg 800w\" sizes=\"(max-width: 236px) 100vw, 236px\" \/><\/a><p id=\"caption-attachment-64\" class=\"wp-caption-text\">Die Tante war mit der Lambretta zu Besuch<\/p><\/div>\n<p>&nbsp;<\/p>\n<div id=\"attachment_110\" style=\"width: 310px\" class=\"wp-caption alignleft\"><a href=\"https:\/\/www.motoroelmaler.de\/wp-content\/uploads\/2017\/02\/Screen-Shot-2017-02-21-at-00.19.03.png\" rel=\"attachment wp-att-110\"><img aria-describedby=\"caption-attachment-110\" decoding=\"async\" loading=\"lazy\" class=\"size-medium wp-image-110\" src=\"https:\/\/www.motoroelmaler.de\/wp-content\/uploads\/2017\/02\/Screen-Shot-2017-02-21-at-00.19.03-300x174.png\" alt=\"Der Weltmeister hat das Bild mit einer Widmung geadelt\" width=\"300\" height=\"174\" srcset=\"https:\/\/www.motoroelmaler.de\/wp-content\/uploads\/2017\/02\/Screen-Shot-2017-02-21-at-00.19.03-300x174.png 300w, https:\/\/www.motoroelmaler.de\/wp-content\/uploads\/2017\/02\/Screen-Shot-2017-02-21-at-00.19.03-768x446.png 768w, https:\/\/www.motoroelmaler.de\/wp-content\/uploads\/2017\/02\/Screen-Shot-2017-02-21-at-00.19.03-1024x595.png 1024w, https:\/\/www.motoroelmaler.de\/wp-content\/uploads\/2017\/02\/Screen-Shot-2017-02-21-at-00.19.03.png 1844w\" sizes=\"(max-width: 300px) 100vw, 300px\" \/><\/a><p id=\"caption-attachment-110\" class=\"wp-caption-text\">Der Weltmeister hat das Bild mit einer Widmung geadelt<\/p><\/div>\n<p>&nbsp;<\/p>\n<p>&nbsp;<\/p>\n<p>&nbsp;<\/p>\n<p>&nbsp;<\/p>\n<p>&nbsp;<\/p>\n<p>&nbsp;<\/p>\n","protected":false},"excerpt":{"rendered":"<p>Schon fr\u00fch packte mich die Begeisterung f\u00fcr alles, was f\u00e4hrt \u2013 ob auf zwei, drei oder vier R\u00e4dern. Wenn ein Vehikel dazu laut knatterte, war die Faszination noch gr\u00f6\u00dfer. Vater Clemens (1924\u20131988) fuhr damals Moped: eine NSU Quickly, und seine Schwester, meine Tante Dorothee (Jahrgang 1929), bewegte eine Lambretta. Damals der pure Luxus. Wir wohnten [&hellip;]<\/p>\n","protected":false},"author":1,"featured_media":0,"parent":0,"menu_order":0,"comment_status":"closed","ping_status":"closed","template":"","meta":[],"_links":{"self":[{"href":"https:\/\/www.motoroelmaler.de\/index.php?rest_route=\/wp\/v2\/pages\/96"}],"collection":[{"href":"https:\/\/www.motoroelmaler.de\/index.php?rest_route=\/wp\/v2\/pages"}],"about":[{"href":"https:\/\/www.motoroelmaler.de\/index.php?rest_route=\/wp\/v2\/types\/page"}],"author":[{"embeddable":true,"href":"https:\/\/www.motoroelmaler.de\/index.php?rest_route=\/wp\/v2\/users\/1"}],"replies":[{"embeddable":true,"href":"https:\/\/www.motoroelmaler.de\/index.php?rest_route=%2Fwp%2Fv2%2Fcomments&post=96"}],"version-history":[{"count":17,"href":"https:\/\/www.motoroelmaler.de\/index.php?rest_route=\/wp\/v2\/pages\/96\/revisions"}],"predecessor-version":[{"id":116,"href":"https:\/\/www.motoroelmaler.de\/index.php?rest_route=\/wp\/v2\/pages\/96\/revisions\/116"}],"wp:attachment":[{"href":"https:\/\/www.motoroelmaler.de\/index.php?rest_route=%2Fwp%2Fv2%2Fmedia&parent=96"}],"curies":[{"name":"wp","href":"https:\/\/api.w.org\/{rel}","templated":true}]}}